{"id":25070,"date":"2018-01-19T13:43:33","date_gmt":"2018-01-19T12:43:33","guid":{"rendered":"https:\/\/www.drvelemir.fr\/?page_id=25070"},"modified":"2018-01-19T13:43:33","modified_gmt":"2018-01-19T12:43:33","slug":"%d0%bf%d1%80%d0%be%d0%b2%d0%b5%d1%80%d0%ba%d0%b0-%d0%b7%d0%b0%d0%bf%d1%80%d0%be%d1%81%d0%b0-%d0%bd%d0%b0-%d0%ba%d0%be%d0%bd%d1%82%d0%b0%d0%ba%d1%82","status":"publish","type":"page","link":"https:\/\/www.drvelemir.fr\/ru\/%d0%ba%d0%be%d0%bd%d1%82%d0%b0%d0%ba%d1%82\/%d0%bf%d1%80%d0%be%d0%b2%d0%b5%d1%80%d0%ba%d0%b0-%d0%b7%d0%b0%d0%bf%d1%80%d0%be%d1%81%d0%b0-%d0%bd%d0%b0-%d0%ba%d0%be%d0%bd%d1%82%d0%b0%d0%ba%d1%82\/","title":{"rendered":"\u041f\u0440\u043e\u0432\u0435\u0440\u043a\u0430 \u0437\u0430\u043f\u0440\u043e\u0441\u0430 \u043d\u0430 \u043a\u043e\u043d\u0442\u0430\u043a\u0442"},"content":{"rendered":"<h2>\u041f\u0440\u043e\u0432\u0435\u0440\u043a\u0430 \u0432\u0430\u0448\u0435\u0433\u043e \u043a\u043e\u043d\u0442\u0430\u043a\u0442\u043d\u043e\u0433\u043e \u0437\u0430\u043f\u0440\u043e\u0441\u0430 \u0441 \u0434\u043e\u043a\u0442\u043e\u0440\u043e\u043c \u041b\u0443\u043a\u0430 \u0412\u0435\u043b\u0435\u043c\u0438\u0440\u043e\u043c<\/h2>\n<p>\u0421\u043f\u0430\u0441\u0438\u0431\u043e, \u0447\u0442\u043e \u043e\u0431\u0440\u0430\u0442\u0438\u043b\u0438\u0441\u044c \u043a \u0434\u043e\u043a\u0442\u043e\u0440\u0443 \u041b\u0443\u043a\u0430 \u0412\u0435\u043b\u0435\u043c\u0438\u0440\u0443. \u0421\u043e\u0442\u0440\u0443\u0434\u043d\u0438\u043a \u043d\u0430\u0448\u0435\u0439 \u043a\u043e\u043c\u0430\u043d\u0434\u044b \u043e\u0442\u0432\u0435\u0442\u0438\u0442 \u0432\u0430\u043c \u043a\u0430\u043a \u043c\u043e\u0436\u043d\u043e \u0441\u043a\u043e\u0440\u0435\u0435.<\/p>\n<hr \/>\n<h3><img loading=\"lazy\" decoding=\"async\" class=\"alignleft size-full wp-image-24024\" src=\"https:\/\/www.drvelemir.fr\/wp-content\/uploads\/2017\/10\/Dr-Velemir-Chirurgin-gynecologue-Obstetricien-Nice.jpg\" alt=\"Docteur Luka Velemir, Chirurgien Gyn\u00e9cologue Obst\u00e9tricien \u00e0 Nice\" width=\"277\" height=\"183\" title=\"|\">\u0412\u044b \u0441\u043b\u044b\u0448\u0430\u043b\u0438 \u043e \u0432\u043d\u0435\u0431\u0440\u044e\u0448\u0438\u043d\u043d\u043e\u043c \u043a\u0435\u0441\u0430\u0440\u0435\u0432\u043e\u043c \u0441\u0435\u0447\u0435\u043d\u0438\u0438?<\/h3>\n<p>\u0414\u043e\u043a\u0442\u043e\u0440 \u0412\u0435\u043b\u0435\u043c\u0438\u0440 \u044f\u0432\u043b\u044f\u0435\u0442\u0441\u044f \u043e\u0434\u043d\u0438\u043c \u0438\u0437 \u0434\u0435\u0441\u044f\u0442\u0438 \u0433\u0438\u043d\u0435\u043a\u043e\u043b\u043e\u0433\u043e\u0432-\u0430\u043a\u0443\u0448\u0435\u0440\u043e\u0432, \u043f\u0440\u0430\u043a\u0442\u0438\u043a\u0443\u044e\u0449\u0438\u0445 \u0432\u043d\u0435\u043f\u0435\u0440\u0438\u0442\u043e\u043d\u0435\u0430\u043b\u044c\u043d\u043e\u0435 \u043a\u0435\u0441\u0430\u0440\u0435\u0432\u043e \u0441\u0435\u0447\u0435\u043d\u0438\u0435 \u0432\u043e \u0424\u0440\u0430\u043d\u0446\u0438\u0438. \u0422\u0435\u0445\u043d\u0438\u043a\u0430 \u044d\u043a\u0441\u0442\u0440\u0430\u043f\u0435\u0440\u0438\u0442\u043e\u043d\u0435\u0430\u043b\u044c\u043d\u043e\u0433\u043e \u043a\u0435\u0441\u0430\u0440\u0435\u0432\u0430 \u0441\u0435\u0447\u0435\u043d\u0438\u044f \u0434\u043e \u0441\u0438\u0445 \u043f\u043e\u0440 \u043d\u0435\u0438\u0437\u0432\u0435\u0441\u0442\u043d\u0430, \u043f\u043e\u0447\u0442\u0438 \u043a\u043e\u043d\u0444\u0438\u0434\u0435\u043d\u0446\u0438\u0430\u043b\u044c\u043d\u0430, \u043e\u043d\u0430 \u0438\u043c\u0435\u0435\u0442 \u0431\u043e\u043b\u044c\u0448\u0438\u0435 \u043f\u0440\u0435\u0438\u043c\u0443\u0449\u0435\u0441\u0442\u0432\u0430 \u0434\u043b\u044f \u043c\u0430\u043c \u0438 \u0438\u0445 \u0434\u0435\u0442\u0435\u0439. \u041f\u0440\u0438 \u044d\u043a\u0441\u0442\u0440\u0430\u043f\u0435\u0440\u0438\u0442\u043e\u043d\u0435\u0430\u043b\u044c\u043d\u043e\u043c \u043a\u0435\u0441\u0430\u0440\u0435\u0432\u043e\u043c \u0441\u0435\u0447\u0435\u043d\u0438\u0438 \u043e\u0441\u043b\u043e\u0436\u043d\u0435\u043d\u0438\u044f \u0438 \u0440\u0438\u0441\u043a \u043e\u0441\u043b\u043e\u0436\u043d\u0435\u043d\u0438\u0439 \u0441\u043d\u0438\u0436\u0430\u044e\u0442\u0441\u044f.<br \/>\n<a title=\"\u041d\u0430\u0440\u0443\u0436\u043d\u044b\u0439 \u0430\u043a\u0443\u0448\u0435\u0440\u0441\u043a\u0438\u0439 \u043f\u043e\u0432\u043e\u0440\u043e\u0442\" href=\"https:\/\/www.drvelemir.fr\/ru\/%d0%ba%d0%b5%d1%81%d0%b0%d1%80%d0%b5%d0%b2%d0%be-%d1%81%d0%b5%d1%87%d0%b5%d0%bd%d0%b8%d0%b5\/\">\u0423\u0437\u043d\u0430\u0439\u0442\u0435 \u0431\u043e\u043b\u044c\u0448\u0435 \u043e\u0431 \u044d\u043a\u0441\u0442\u0440\u0430\u043f\u0435\u0440\u0438\u0442\u043e\u043d\u0435\u0430\u043b\u044c\u043d\u043e\u043c \u043a\u0435\u0441\u0430\u0440\u0435\u0432\u043e\u043c \u0441\u0435\u0447\u0435\u043d\u0438\u0438<\/a>.<\/p>\n","protected":false},"excerpt":{"rendered":"<p>\u041f\u0440\u043e\u0432\u0435\u0440\u043a\u0430 \u0432\u0430\u0448\u0435\u0433\u043e \u043a\u043e\u043d\u0442\u0430\u043a\u0442\u043d\u043e\u0433\u043e \u0437\u0430\u043f\u0440\u043e\u0441\u0430 \u0441 \u0434\u043e\u043a\u0442\u043e\u0440\u043e\u043c \u041b\u0443\u043a\u0430 \u0412\u0435\u043b\u0435\u043c\u0438\u0440\u043e\u043c \u0421\u043f\u0430\u0441\u0438\u0431\u043e, \u0447\u0442\u043e \u043e\u0431\u0440\u0430\u0442\u0438\u043b\u0438\u0441\u044c \u043a \u0434\u043e\u043a\u0442\u043e\u0440\u0443 \u041b\u0443\u043a\u0430 \u0412\u0435\u043b\u0435\u043c\u0438\u0440\u0443. \u0421\u043e\u0442\u0440\u0443\u0434\u043d\u0438\u043a \u043d\u0430\u0448\u0435\u0439 \u043a\u043e\u043c\u0430\u043d\u0434\u044b \u043e\u0442\u0432\u0435\u0442\u0438\u0442 \u0432\u0430\u043c \u043a\u0430\u043a \u043c\u043e\u0436\u043d\u043e \u0441\u043a\u043e\u0440\u0435\u0435. \u0412\u044b \u0441\u043b\u044b\u0448\u0430\u043b\u0438 \u043e \u0432\u043d\u0435\u0431\u0440\u044e\u0448\u0438\u043d\u043d\u043e\u043c \u043a\u0435\u0441\u0430\u0440\u0435\u0432\u043e\u043c \u0441\u0435\u0447\u0435\u043d\u0438\u0438? \u0414\u043e\u043a\u0442\u043e\u0440 \u0412\u0435\u043b\u0435\u043c\u0438\u0440 \u044f\u0432\u043b\u044f\u0435\u0442\u0441\u044f \u043e\u0434\u043d\u0438\u043c \u0438\u0437 \u0434\u0435\u0441\u044f\u0442\u0438 \u0433\u0438\u043d\u0435\u043a\u043e\u043b\u043e\u0433\u043e\u0432-\u0430\u043a\u0443\u0448\u0435\u0440\u043e\u0432, \u043f\u0440\u0430\u043a\u0442\u0438\u043a\u0443\u044e\u0449\u0438\u0445 \u0432\u043d\u0435\u043f\u0435\u0440\u0438\u0442\u043e\u043d\u0435\u0430\u043b\u044c\u043d\u043e\u0435 \u043a\u0435\u0441\u0430\u0440\u0435\u0432\u043e \u0441\u0435\u0447\u0435\u043d\u0438\u0435 \u0432\u043e \u0424\u0440\u0430\u043d\u0446\u0438\u0438. \u0422\u0435\u0445\u043d\u0438\u043a\u0430 \u044d\u043a\u0441\u0442\u0440\u0430\u043f\u0435\u0440\u0438\u0442\u043e\u043d\u0435\u0430\u043b\u044c\u043d\u043e\u0433\u043e \u043a\u0435\u0441\u0430\u0440\u0435\u0432\u0430 \u0441\u0435\u0447\u0435\u043d\u0438\u044f \u0434\u043e \u0441\u0438\u0445 \u043f\u043e\u0440 \u043d\u0435\u0438\u0437\u0432\u0435\u0441\u0442\u043d\u0430, \u043f\u043e\u0447\u0442\u0438 \u043a\u043e\u043d\u0444\u0438\u0434\u0435\u043d\u0446\u0438\u0430\u043b\u044c\u043d\u0430, \u043e\u043d\u0430 \u0438\u043c\u0435\u0435\u0442 \u0431\u043e\u043b\u044c\u0448\u0438\u0435 \u043f\u0440\u0435\u0438\u043c\u0443\u0449\u0435\u0441\u0442\u0432\u0430 \u0434\u043b\u044f \u043c\u0430\u043c \u0438 \u0438\u0445<\/p>\n<div class=\"h10\"><\/div>\n<p><a class=\"more-link2 flat\" href=\"https:\/\/www.drvelemir.fr\/ru\/%d0%ba%d0%be%d0%bd%d1%82%d0%b0%d0%ba%d1%82\/%d0%bf%d1%80%d0%be%d0%b2%d0%b5%d1%80%d0%ba%d0%b0-%d0%b7%d0%b0%d0%bf%d1%80%d0%be%d1%81%d0%b0-%d0%bd%d0%b0-%d0%ba%d0%be%d0%bd%d1%82%d0%b0%d0%ba%d1%82\/\">\u041f\u043e\u0434\u0440\u043e\u0431\u043d\u0435\u0435<\/a><\/p>\n","protected":false},"author":1,"featured_media":0,"parent":24653,"menu_order":0,"comment_status":"closed","ping_status":"closed","template":"","meta":{"footnotes":""},"class_list":["post-25070","page","type-page","status-publish","hentry"],"_links":{"self":[{"href":"https:\/\/www.drvelemir.fr\/ru\/wp-json\/wp\/v2\/pages\/25070","targetHints":{"allow":["GET"]}}],"collection":[{"href":"https:\/\/www.drvelemir.fr\/ru\/wp-json\/wp\/v2\/pages"}],"about":[{"href":"https:\/\/www.drvelemir.fr\/ru\/wp-json\/wp\/v2\/types\/page"}],"author":[{"embeddable":true,"href":"https:\/\/www.drvelemir.fr\/ru\/wp-json\/wp\/v2\/users\/1"}],"replies":[{"embeddable":true,"href":"https:\/\/www.drvelemir.fr\/ru\/wp-json\/wp\/v2\/comments?post=25070"}],"version-history":[{"count":0,"href":"https:\/\/www.drvelemir.fr\/ru\/wp-json\/wp\/v2\/pages\/25070\/revisions"}],"up":[{"embeddable":true,"href":"https:\/\/www.drvelemir.fr\/ru\/wp-json\/wp\/v2\/pages\/24653"}],"wp:attachment":[{"href":"https:\/\/www.drvelemir.fr\/ru\/wp-json\/wp\/v2\/media?parent=25070"}],"curies":[{"name":"wp","href":"https:\/\/api.w.org\/{rel}","templated":true}]}}