{"id":25068,"date":"2018-01-19T13:41:36","date_gmt":"2018-01-19T12:41:36","guid":{"rendered":"https:\/\/www.drvelemir.fr\/?page_id=25068"},"modified":"2018-01-19T13:41:37","modified_gmt":"2018-01-19T12:41:37","slug":"contact-request-validation","status":"publish","type":"page","link":"https:\/\/www.drvelemir.fr\/en\/contact\/contact-request-validation\/","title":{"rendered":"Contact request validation"},"content":{"rendered":"<h2>Validation of your contact request with Dr Luka Velemir<\/h2>\n<p>Thank you for contacting Dr Luka Velemir. A member of our team will answer you as soon as possible.<\/p>\n<hr \/>\n<h3><img loading=\"lazy\" decoding=\"async\" class=\"alignleft size-full wp-image-24024\" src=\"https:\/\/www.drvelemir.fr\/wp-content\/uploads\/2017\/10\/Dr-Velemir-Chirurgin-gynecologue-Obstetricien-Nice.jpg\" alt=\"Docteur Luka Velemir, Chirurgien Gyn\u00e9cologue Obst\u00e9tricien \u00e0 Nice\" width=\"277\" height=\"183\" title=\"|\">Have you heard of the extraperitoneal caesarean section?<\/h3>\n<p>Dr. Velemir is one of the ten gynecologists-obstetricians to practice extraperitoneal caesarean section in France. The technique of extraperitoneal cesarean section is still unknown, almost confidential, it has great benefits for moms and their babies. With extraperitoneal caesarean section, the sequelae and the risk of complications are reduced.<br \/>\n<a title=\"Extraperitoneal caesarean section\" href=\"https:\/\/www.drvelemir.fr\/en\/extraperitoneal-caesarean-section\/\">Learn more about extraperitoneal caesarean section.<\/a>.<\/p>\n","protected":false},"excerpt":{"rendered":"<p>Validation of your contact request with Dr Luka Velemir Thank you for contacting Dr Luka Velemir. A member of our team will answer you as soon as possible. Have you heard of the extraperitoneal caesarean section? Dr. Velemir is one of the ten gynecologists-obstetricians to practice extraperitoneal caesarean section in France. The technique of extraperitoneal cesarean section is still unknown,<\/p>\n<div class=\"h10\"><\/div>\n<p><a class=\"more-link2 flat\" href=\"https:\/\/www.drvelemir.fr\/en\/contact\/contact-request-validation\/\">Read more<\/a><\/p>\n","protected":false},"author":1,"featured_media":0,"parent":22551,"menu_order":0,"comment_status":"closed","ping_status":"closed","template":"","meta":{"footnotes":""},"class_list":["post-25068","page","type-page","status-publish","hentry"],"_links":{"self":[{"href":"https:\/\/www.drvelemir.fr\/en\/wp-json\/wp\/v2\/pages\/25068","targetHints":{"allow":["GET"]}}],"collection":[{"href":"https:\/\/www.drvelemir.fr\/en\/wp-json\/wp\/v2\/pages"}],"about":[{"href":"https:\/\/www.drvelemir.fr\/en\/wp-json\/wp\/v2\/types\/page"}],"author":[{"embeddable":true,"href":"https:\/\/www.drvelemir.fr\/en\/wp-json\/wp\/v2\/users\/1"}],"replies":[{"embeddable":true,"href":"https:\/\/www.drvelemir.fr\/en\/wp-json\/wp\/v2\/comments?post=25068"}],"version-history":[{"count":0,"href":"https:\/\/www.drvelemir.fr\/en\/wp-json\/wp\/v2\/pages\/25068\/revisions"}],"up":[{"embeddable":true,"href":"https:\/\/www.drvelemir.fr\/en\/wp-json\/wp\/v2\/pages\/22551"}],"wp:attachment":[{"href":"https:\/\/www.drvelemir.fr\/en\/wp-json\/wp\/v2\/media?parent=25068"}],"curies":[{"name":"wp","href":"https:\/\/api.w.org\/{rel}","templated":true}]}}